{"id":2,"date":"2010-01-27T14:37:14","date_gmt":"2010-01-27T13:37:14","guid":{"rendered":"https:\/\/www.1001innovations.com\/nouvelles-de-linnovation\/?page_id=2"},"modified":"2025-11-20T16:26:36","modified_gmt":"2025-11-20T15:26:36","slug":"a-propos","status":"publish","type":"page","link":"https:\/\/www.1001innovations.com\/nouvelles-de-linnovation\/a-propos\/","title":{"rendered":"\u00c0 propos de nous"},"content":{"rendered":"<p>Certains experts pr\u00e9disent que <strong>70 \u00e0 80% des produits ou services que nous consommerons d\u2019ici 20 ans n\u2019existent pas aujourd\u2019hui<\/strong>.<br \/>\nA vrai dire personne ne le sait exactement. Mais force est de constater que depuis une quinzaine d\u2019ann\u00e9es l\u2019\u00e9ventail des produits qui composent notre quotidien a bien chang\u00e9\u2026<\/p>\n<p>L\u2019utilisation d\u2019internet ou des t\u00e9l\u00e9phones mobiles a profond\u00e9ment modifi\u00e9 nos comportements et on n\u2019imaginerait plus vivre sans eux aujourd&rsquo;hui \u2026 On se souvient \u00e0 peine comment c\u2019\u00e9tait, \u00ab avant \u00bb !<\/p>\n<p>Notre conviction est que cette \u00e9volution ne va pas s\u2019arr\u00eater, et que <strong>de nombreux produits innovants vont continuer \u00e0 appara\u00eetre r\u00e9guli\u00e8rement<\/strong>.<\/p>\n<p>Certains sont des produits <strong>plaisir<\/strong>, d\u2019autres <strong>am\u00e9liorent profond\u00e9ment notre quotidien<\/strong>. D\u2019autres enfin nous apportent un r\u00e9el <strong>bien-\u00eatre<\/strong>.<br \/>\nAussi, dans des domaines aussi vari\u00e9s que les <strong>loisirs high-tech<\/strong>, la <strong>maison<\/strong>, le <strong>bien-\u00eatre <\/strong>ou le <strong>sport et plein air<\/strong>, nous consid\u00e9rons que l\u2019innovation touche chacun d\u2019entre nous.<\/p>\n<p>L\u2019objectif de ce blog, puis du site 1001innovations.com est de vous pr\u00e9senter tous les produits nouveaux que nous avons jug\u00e9s pertinents et qui nous semblent \u00ab incontournables \u00bb.<br \/>\nN\u2019h\u00e9sitez pas \u00e0 nous faire part de vos commentaires ou \u00e0 nous transmettre des id\u00e9es d\u2019articles sur des produits que vous souhaiteriez voir abord\u00e9s.<\/p>\n<p>Nous esp\u00e9rons que vous prendrez autant de plaisir \u00e0 lire ce blog que nous avons \u00e0 le faire vivre au quotidien.<\/p>\n<p>Toute l&rsquo;\u00e9quipe.<\/p>\n<p><img loading=\"lazy\" decoding=\"async\" class=\"alignleft size-full wp-image-147\" style=\"border: 0;\" title=\"1001 Innovations\" src=\"https:\/\/www.1001innovations.com\/nouvelles-de-linnovation\/wp-content\/uploads\/2010\/01\/1001innovations.jpg\" alt=\"\" width=\"169\" height=\"97\" \/><\/p>\n","protected":false},"excerpt":{"rendered":"<p>Certains experts pr\u00e9disent que 70 \u00e0 80% des produits ou services que nous consommerons d\u2019ici 20 ans n\u2019existent pas aujourd\u2019hui. [&hellip;]<\/p>\n","protected":false},"author":21,"featured_media":0,"parent":0,"menu_order":0,"comment_status":"closed","ping_status":"open","template":"","meta":{"site-sidebar-layout":"default","site-content-layout":"","ast-site-content-layout":"default","site-content-style":"default","site-sidebar-style":"default","ast-global-header-display":"","ast-banner-title-visibility":"","ast-main-header-display":"","ast-hfb-above-header-display":"","ast-hfb-below-header-display":"","ast-hfb-mobile-header-display":"","site-post-title":"","ast-breadcrumbs-content":"","ast-featured-img":"","footer-sml-layout":"","theme-transparent-header-meta":"","adv-header-id-meta":"","stick-header-meta":"","header-above-stick-meta":"","header-main-stick-meta":"","header-below-stick-meta":"","astra-migrate-meta-layouts":"default","ast-page-background-enabled":"default","ast-page-background-meta":{"desktop":{"background-color":"var(--ast-global-color-5)","background-image":"","background-repeat":"repeat","background-position":"center center","background-size":"auto","background-attachment":"scroll","background-type":"","background-media":"","overlay-type":"","overlay-color":"","overlay-opacity":"","overlay-gradient":""},"tablet":{"background-color":"","background-image":"","background-repeat":"repeat","background-position":"center center","background-size":"auto","background-attachment":"scroll","background-type":"","background-media":"","overlay-type":"","overlay-color":"","overlay-opacity":"","overlay-gradient":""},"mobile":{"background-color":"","background-image":"","background-repeat":"repeat","background-position":"center center","background-size":"auto","background-attachment":"scroll","background-type":"","background-media":"","overlay-type":"","overlay-color":"","overlay-opacity":"","overlay-gradient":""}},"ast-content-background-meta":{"desktop":{"background-color":"var(--ast-global-color-4)","background-image":"","background-repeat":"repeat","background-position":"center center","background-size":"auto","background-attachment":"scroll","background-type":"","background-media":"","overlay-type":"","overlay-color":"","overlay-opacity":"","overlay-gradient":""},"tablet":{"background-color":"var(--ast-global-color-4)","background-image":"","background-repeat":"repeat","background-position":"center center","background-size":"auto","background-attachment":"scroll","background-type":"","background-media":"","overlay-type":"","overlay-color":"","overlay-opacity":"","overlay-gradient":""},"mobile":{"background-color":"var(--ast-global-color-4)","background-image":"","background-repeat":"repeat","background-position":"center center","background-size":"auto","background-attachment":"scroll","background-type":"","background-media":"","overlay-type":"","overlay-color":"","overlay-opacity":"","overlay-gradient":""}},"footnotes":""},"class_list":["post-2","page","type-page","status-publish","hentry"],"yoast_head":"<!-- This site is optimized with the Yoast SEO plugin v26.4 - https:\/\/yoast.com\/wordpress\/plugins\/seo\/ -->\n<title>\u00c0 propos de nous - BLOG 1001 innovations<\/title>\n<meta name=\"robots\" content=\"index, follow, max-snippet:-1, max-image-preview:large, max-video-preview:-1\" \/>\n<link rel=\"canonical\" href=\"https:\/\/www.1001innovations.com\/nouvelles-de-linnovation\/a-propos\/\" \/>\n<meta property=\"og:locale\" content=\"fr_FR\" \/>\n<meta property=\"og:type\" content=\"article\" \/>\n<meta property=\"og:title\" content=\"\u00c0 propos de nous - BLOG 1001 innovations\" \/>\n<meta property=\"og:description\" content=\"Certains experts pr\u00e9disent que 70 \u00e0 80% des produits ou services que nous consommerons d\u2019ici 20 ans n\u2019existent pas aujourd\u2019hui. [&hellip;]\" \/>\n<meta property=\"og:url\" content=\"https:\/\/www.1001innovations.com\/nouvelles-de-linnovation\/a-propos\/\" \/>\n<meta property=\"article:modified_time\" content=\"2025-11-20T15:26:36+00:00\" \/>\n<meta name=\"twitter:card\" content=\"summary_large_image\" \/>\n<meta name=\"twitter:label1\" content=\"Dur\u00e9e de lecture estim\u00e9e\" \/>\n\t<meta name=\"twitter:data1\" content=\"2 minutes\" \/>\n<script type=\"application\/ld+json\" class=\"yoast-schema-graph\">{\"@context\":\"https:\/\/schema.org\",\"@graph\":[{\"@type\":\"WebPage\",\"@id\":\"https:\/\/www.1001innovations.com\/nouvelles-de-linnovation\/a-propos\/\",\"url\":\"https:\/\/www.1001innovations.com\/nouvelles-de-linnovation\/a-propos\/\",\"name\":\"\u00c0 propos de nous - BLOG 1001 innovations\",\"isPartOf\":{\"@id\":\"https:\/\/www.1001innovations.com\/nouvelles-de-linnovation\/#website\"},\"primaryImageOfPage\":{\"@id\":\"https:\/\/www.1001innovations.com\/nouvelles-de-linnovation\/a-propos\/#primaryimage\"},\"image\":{\"@id\":\"https:\/\/www.1001innovations.com\/nouvelles-de-linnovation\/a-propos\/#primaryimage\"},\"thumbnailUrl\":\"https:\/\/www.1001innovations.com\/nouvelles-de-linnovation\/wp-content\/uploads\/2010\/01\/1001innovations.jpg\",\"datePublished\":\"2010-01-27T13:37:14+00:00\",\"dateModified\":\"2025-11-20T15:26:36+00:00\",\"breadcrumb\":{\"@id\":\"https:\/\/www.1001innovations.com\/nouvelles-de-linnovation\/a-propos\/#breadcrumb\"},\"inLanguage\":\"fr-FR\",\"potentialAction\":[{\"@type\":\"ReadAction\",\"target\":[\"https:\/\/www.1001innovations.com\/nouvelles-de-linnovation\/a-propos\/\"]}]},{\"@type\":\"ImageObject\",\"inLanguage\":\"fr-FR\",\"@id\":\"https:\/\/www.1001innovations.com\/nouvelles-de-linnovation\/a-propos\/#primaryimage\",\"url\":\"https:\/\/www.1001innovations.com\/nouvelles-de-linnovation\/wp-content\/uploads\/2010\/01\/1001innovations.jpg\",\"contentUrl\":\"https:\/\/www.1001innovations.com\/nouvelles-de-linnovation\/wp-content\/uploads\/2010\/01\/1001innovations.jpg\"},{\"@type\":\"BreadcrumbList\",\"@id\":\"https:\/\/www.1001innovations.com\/nouvelles-de-linnovation\/a-propos\/#breadcrumb\",\"itemListElement\":[{\"@type\":\"ListItem\",\"position\":1,\"name\":\"Accueil\",\"item\":\"https:\/\/www.1001innovations.com\/nouvelles-de-linnovation\/\"},{\"@type\":\"ListItem\",\"position\":2,\"name\":\"\u00c0 propos de nous\"}]},{\"@type\":\"WebSite\",\"@id\":\"https:\/\/www.1001innovations.com\/nouvelles-de-linnovation\/#website\",\"url\":\"https:\/\/www.1001innovations.com\/nouvelles-de-linnovation\/\",\"name\":\"\",\"description\":\"\",\"potentialAction\":[{\"@type\":\"SearchAction\",\"target\":{\"@type\":\"EntryPoint\",\"urlTemplate\":\"https:\/\/www.1001innovations.com\/nouvelles-de-linnovation\/?s={search_term_string}\"},\"query-input\":{\"@type\":\"PropertyValueSpecification\",\"valueRequired\":true,\"valueName\":\"search_term_string\"}}],\"inLanguage\":\"fr-FR\"}]}<\/script>\n<!-- \/ Yoast SEO plugin. -->","yoast_head_json":{"title":"\u00c0 propos de nous - BLOG 1001 innovations","robots":{"index":"index","follow":"follow","max-snippet":"max-snippet:-1","max-image-preview":"max-image-preview:large","max-video-preview":"max-video-preview:-1"},"canonical":"https:\/\/www.1001innovations.com\/nouvelles-de-linnovation\/a-propos\/","og_locale":"fr_FR","og_type":"article","og_title":"\u00c0 propos de nous - BLOG 1001 innovations","og_description":"Certains experts pr\u00e9disent que 70 \u00e0 80% des produits ou services que nous consommerons d\u2019ici 20 ans n\u2019existent pas aujourd\u2019hui. [&hellip;]","og_url":"https:\/\/www.1001innovations.com\/nouvelles-de-linnovation\/a-propos\/","article_modified_time":"2025-11-20T15:26:36+00:00","twitter_card":"summary_large_image","twitter_misc":{"Dur\u00e9e de lecture estim\u00e9e":"2 minutes"},"schema":{"@context":"https:\/\/schema.org","@graph":[{"@type":"WebPage","@id":"https:\/\/www.1001innovations.com\/nouvelles-de-linnovation\/a-propos\/","url":"https:\/\/www.1001innovations.com\/nouvelles-de-linnovation\/a-propos\/","name":"\u00c0 propos de nous - BLOG 1001 innovations","isPartOf":{"@id":"https:\/\/www.1001innovations.com\/nouvelles-de-linnovation\/#website"},"primaryImageOfPage":{"@id":"https:\/\/www.1001innovations.com\/nouvelles-de-linnovation\/a-propos\/#primaryimage"},"image":{"@id":"https:\/\/www.1001innovations.com\/nouvelles-de-linnovation\/a-propos\/#primaryimage"},"thumbnailUrl":"https:\/\/www.1001innovations.com\/nouvelles-de-linnovation\/wp-content\/uploads\/2010\/01\/1001innovations.jpg","datePublished":"2010-01-27T13:37:14+00:00","dateModified":"2025-11-20T15:26:36+00:00","breadcrumb":{"@id":"https:\/\/www.1001innovations.com\/nouvelles-de-linnovation\/a-propos\/#breadcrumb"},"inLanguage":"fr-FR","potentialAction":[{"@type":"ReadAction","target":["https:\/\/www.1001innovations.com\/nouvelles-de-linnovation\/a-propos\/"]}]},{"@type":"ImageObject","inLanguage":"fr-FR","@id":"https:\/\/www.1001innovations.com\/nouvelles-de-linnovation\/a-propos\/#primaryimage","url":"https:\/\/www.1001innovations.com\/nouvelles-de-linnovation\/wp-content\/uploads\/2010\/01\/1001innovations.jpg","contentUrl":"https:\/\/www.1001innovations.com\/nouvelles-de-linnovation\/wp-content\/uploads\/2010\/01\/1001innovations.jpg"},{"@type":"BreadcrumbList","@id":"https:\/\/www.1001innovations.com\/nouvelles-de-linnovation\/a-propos\/#breadcrumb","itemListElement":[{"@type":"ListItem","position":1,"name":"Accueil","item":"https:\/\/www.1001innovations.com\/nouvelles-de-linnovation\/"},{"@type":"ListItem","position":2,"name":"\u00c0 propos de nous"}]},{"@type":"WebSite","@id":"https:\/\/www.1001innovations.com\/nouvelles-de-linnovation\/#website","url":"https:\/\/www.1001innovations.com\/nouvelles-de-linnovation\/","name":"","description":"","potentialAction":[{"@type":"SearchAction","target":{"@type":"EntryPoint","urlTemplate":"https:\/\/www.1001innovations.com\/nouvelles-de-linnovation\/?s={search_term_string}"},"query-input":{"@type":"PropertyValueSpecification","valueRequired":true,"valueName":"search_term_string"}}],"inLanguage":"fr-FR"}]}},"_links":{"self":[{"href":"https:\/\/www.1001innovations.com\/nouvelles-de-linnovation\/wp-json\/wp\/v2\/pages\/2","targetHints":{"allow":["GET"]}}],"collection":[{"href":"https:\/\/www.1001innovations.com\/nouvelles-de-linnovation\/wp-json\/wp\/v2\/pages"}],"about":[{"href":"https:\/\/www.1001innovations.com\/nouvelles-de-linnovation\/wp-json\/wp\/v2\/types\/page"}],"author":[{"embeddable":true,"href":"https:\/\/www.1001innovations.com\/nouvelles-de-linnovation\/wp-json\/wp\/v2\/users\/21"}],"replies":[{"embeddable":true,"href":"https:\/\/www.1001innovations.com\/nouvelles-de-linnovation\/wp-json\/wp\/v2\/comments?post=2"}],"version-history":[{"count":11,"href":"https:\/\/www.1001innovations.com\/nouvelles-de-linnovation\/wp-json\/wp\/v2\/pages\/2\/revisions"}],"predecessor-version":[{"id":10639,"href":"https:\/\/www.1001innovations.com\/nouvelles-de-linnovation\/wp-json\/wp\/v2\/pages\/2\/revisions\/10639"}],"wp:attachment":[{"href":"https:\/\/www.1001innovations.com\/nouvelles-de-linnovation\/wp-json\/wp\/v2\/media?parent=2"}],"curies":[{"name":"wp","href":"https:\/\/api.w.org\/{rel}","templated":true}]}}